{"id":5,"date":"2016-02-11T10:12:54","date_gmt":"2016-02-11T10:12:54","guid":{"rendered":"http:\/\/bridge6.qodeinteractive.com\/?page_id=5"},"modified":"2020-12-18T11:03:53","modified_gmt":"2020-12-18T10:03:53","slug":"home","status":"publish","type":"page","link":"https:\/\/www.wandp.cz\/","title":{"rendered":"Home"},"content":{"rendered":"<p>[vc_row css_animation=&#8220;&#8220; row_type=&#8220;row&#8220; use_row_as_full_screen_section=&#8220;no&#8220; type=&#8220;grid&#8220; angled_section=&#8220;no&#8220; text_align=&#8220;left&#8220; background_image_as_pattern=&#8220;without_pattern&#8220; z_index=&#8220;&#8220; background_color=&#8220;#efefef&#8220; padding_top=&#8220;70&#8243; padding_bottom=&#8220;70&#8243;][vc_column width=&#8220;1\/2&#8243; css=&#8220;.vc_custom_1608125134525{margin-right: 30px !important;}&#8220;][vc_single_image image=&#8220;15690&#8243; img_size=&#8220;full&#8220; qode_css_animation=&#8220;element_from_fade&#8220;][\/vc_column][vc_column css_animation=&#8220;fadeIn&#8220; width=&#8220;1\/2&#8243; css=&#8220;.vc_custom_1608125233303{margin-top: 30px !important;padding-right: 20px !important;padding-left: 20px !important;}&#8220;]<div class=\"custom_font_holder\" style=\" font-style: normal; font-weight: 300; color: #24abe5; text-decoration: none; text-align: left;\">\n<h3 style=\"color: #009de0;\">Vytvo\u0159\u00edme spole\u010dn\u011b skv\u011blou reklamn\u00ed kampa\u0148!<\/h3>\n<\/div>[vc_separator type=&#8220;transparent&#8220; up=&#8220;20&#8243; down=&#8220;20&#8243;][vc_column_text]Na\u0161\u00edm posl\u00e1n\u00edm je nab\u00edzet \u0161irok\u00e9 portfolio kvalitn\u00edch ploch v\u00a0oblasti venkovn\u00ed reklamy. P\u0159in\u00e1\u0161\u00edme komplexn\u00ed a propojenou nab\u00eddku a profesion\u00e1ln\u00ed servis.<\/p>\n<p>&nbsp;<\/p>\n<p>Za\u0159azen\u00edm spole\u010dnosti W&amp;P do medi\u00e1ln\u00ed skupiny <b>Euronova group<\/b> jsme dos\u00e1hli zv\u00fd\u0161en\u00ed pod\u00edlu na trhu s\u00a0venkovn\u00ed reklamou v\u00a0Plze\u0148sk\u00e9m kraji a Karlovarsk\u00e9m kraji a\u017e na 70 %.<\/p>\n<p>&nbsp;<\/p>\n<p>Nejsme jen vlastn\u00edci m\u00e9di\u00ed, v\u011b\u0159\u00edme, \u017ee ka\u017ed\u00e1 spole\u010dnost m\u00e1 b\u00fdt prosp\u011b\u0161n\u00e1 pro svou komunitu a pozitivn\u011b p\u0159isp\u00edvat do spole\u010dnosti.[\/vc_column_text][\/vc_column][\/vc_row][vc_row css_animation=&#8220;&#8220; row_type=&#8220;row&#8220; use_row_as_full_screen_section=&#8220;no&#8220; type=&#8220;grid&#8220; angled_section=&#8220;no&#8220; text_align=&#8220;center&#8220; background_image_as_pattern=&#8220;without_pattern&#8220; z_index=&#8220;&#8220; background_color=&#8220;#ffffff&#8220; css=&#8220;.vc_custom_1608285782018{margin-right: 0px !important;margin-left: 0px !important;border-right-width: 0px !important;border-left-width: 0px !important;padding-top: 70px !important;padding-right: 0px !important;padding-bottom: 30px !important;padding-left: 0px !important;}&#8220;][vc_column css=&#8220;.vc_custom_1608285830295{margin-right: 0px !important;margin-left: 0px !important;border-right-width: 0px !important;border-left-width: 0px !important;padding-top: 20px !important;padding-right: 0px !important;padding-bottom: 30px !important;padding-left: 0px !important;}&#8220;][vc_column_text css=&#8220;.vc_custom_1608124677459{padding-bottom: 50px !important;}&#8220;]<\/p>\n<h3 style=\"text-align: center; color: #009de0;\">Portfolio na\u0161ich ploch<\/h3>\n<p>[\/vc_column_text]<a  itemprop=\"url\" href=\"?page_id=121#Billboardy\" target=\"_self\" data-hover-background-color='#00a8ff' data-hover-color='#ffffff' class=\"qbutton  large center default cudlik\" style=\"color: #00a8ff; font-size: 13px; margin: 10px 10px 10px 10px; border-radius: 3px;-moz-border-radius: 3px;-webkit-border-radius: 3px; background-color: #f4f4f4;\">BillBoardy<\/a><a  itemprop=\"url\" href=\"?page_id=121#Bigboardy\" target=\"_self\" data-hover-background-color='#00a8ff' data-hover-color='#ffffff' class=\"qbutton  large center default cudlik\" style=\"color: #00a8ff; font-size: 13px; margin: 10px 10px 10px 10px; border-radius: 3px;-moz-border-radius: 3px;-webkit-border-radius: 3px; background-color: #f4f4f4;\">BigBoardy<\/a><a  itemprop=\"url\" href=\"?page_id=121#Navigace\" target=\"_self\" data-hover-background-color='#00a8ff' data-hover-color='#ffffff' class=\"qbutton  large center default cudlik\" style=\"color: #00a8ff; font-size: 13px; margin: 10px 10px 10px 10px; border-radius: 3px;-moz-border-radius: 3px;-webkit-border-radius: 3px; background-color: #f4f4f4;\">Navigace<\/a><a  itemprop=\"url\" href=\"?page_id=121#Mosty\" target=\"_self\" data-hover-background-color='#00a8ff' data-hover-color='#ffffff' class=\"qbutton  large center default cudlik\" style=\"color: #00a8ff; font-size: 13px; margin: 10px 10px 10px 10px; border-radius: 3px;-moz-border-radius: 3px;-webkit-border-radius: 3px; background-color: #f4f4f4;\">Mosty<\/a><a  itemprop=\"url\" href=\"?page_id=121#Plachty\" target=\"_self\" data-hover-background-color='#00a8ff' data-hover-color='#ffffff' class=\"qbutton  large center default cudlik\" style=\"color: #00a8ff; font-size: 13px; margin: 10px 10px 10px 10px; border-radius: 3px;-moz-border-radius: 3px;-webkit-border-radius: 3px; background-color: #f4f4f4;\">Plachty<\/a><a  itemprop=\"url\" href=\"?page_id=121#CLV\" target=\"_self\" data-hover-background-color='#00a8ff' data-hover-color='#ffffff' class=\"qbutton  large center default cudlik\" style=\"color: #00a8ff; font-size: 13px; margin: 10px 10px 10px 10px; border-radius: 3px;-moz-border-radius: 3px;-webkit-border-radius: 3px; background-color: #f4f4f4;\">CLV<\/a><a  itemprop=\"url\" href=\"?page_id=121#Pristresky\" target=\"_self\" data-hover-background-color='#00a8ff' data-hover-color='#ffffff' class=\"qbutton  large center default cudlik\" style=\"color: #00a8ff; font-size: 13px; margin: 10px 10px 10px 10px; border-radius: 3px;-moz-border-radius: 3px;-webkit-border-radius: 3px; background-color: #f4f4f4;\">P\u0159\u00edst\u0159e\u0161ky MHD<\/a><a  itemprop=\"url\" href=\"?page_id=121#Postercube\" target=\"_self\" data-hover-background-color='#00a8ff' data-hover-color='#ffffff' class=\"qbutton  large center default cudlik\" style=\"color: #00a8ff; font-size: 13px; margin: 10px 10px 10px 10px; border-radius: 3px;-moz-border-radius: 3px;-webkit-border-radius: 3px; background-color: #f4f4f4;\">Poster Cube<\/a><a  itemprop=\"url\" href=\"?page_id=121#LEDobrazovky\" target=\"_self\" data-hover-background-color='#00a8ff' data-hover-color='#ffffff' class=\"qbutton  large center default cudlik\" style=\"color: #00a8ff; font-size: 13px; margin: 10px 10px 10px 10px; border-radius: 3px;-moz-border-radius: 3px;-webkit-border-radius: 3px; background-color: #f4f4f4;\">LED obrazovky<\/a><a  itemprop=\"url\" href=\"?page_id=121#Lavicky\" target=\"_self\" data-hover-background-color='#00a8ff' data-hover-color='#ffffff' class=\"qbutton  large center default cudlik\" style=\"color: #00a8ff; font-size: 13px; margin: 10px 10px 10px 10px; border-radius: 3px;-moz-border-radius: 3px;-webkit-border-radius: 3px; background-color: #f4f4f4;\">Lavi\u010dky<\/a><a  itemprop=\"url\" href=\"?page_id=121#MHDvnejsi\" target=\"_self\" data-hover-background-color='#00a8ff' data-hover-color='#ffffff' class=\"qbutton  large center default cudlik\" style=\"color: #00a8ff; font-size: 13px; margin: 10px 10px 10px 10px; border-radius: 3px;-moz-border-radius: 3px;-webkit-border-radius: 3px; background-color: #f4f4f4;\">MHD<\/a>[\/vc_column][\/vc_row][vc_row css_animation=&#8220;&#8220; row_type=&#8220;row&#8220; use_row_as_full_screen_section=&#8220;no&#8220; type=&#8220;full_width&#8220; angled_section=&#8220;no&#8220; text_align=&#8220;center&#8220; background_image_as_pattern=&#8220;without_pattern&#8220; z_index=&#8220;&#8220; background_color=&#8220;#ffffff&#8220; css=&#8220;.vc_custom_1608131492496{margin-top: 0px !important;margin-right: 0px !important;margin-bottom: 0px !important;margin-left: 0px !important;border-top-width: 0px !important;border-right-width: 0px !important;border-bottom-width: 0px !important;border-left-width: 0px !important;padding-top: 0px !important;padding-right: 0px !important;padding-bottom: 0px !important;padding-left: 0px !important;}&#8220;][vc_column css=&#8220;.vc_custom_1608131510263{margin-top: 0px !important;margin-right: 0px !important;margin-bottom: 0px !important;margin-left: 0px !important;border-top-width: 0px !important;border-right-width: 0px !important;border-bottom-width: 0px !important;border-left-width: 0px !important;padding-top: 0px !important;padding-right: 0px !important;padding-bottom: 0px !important;padding-left: 0px !important;}&#8220;][vc_raw_html css=&#8220;.vc_custom_1608203456756{margin-top: 0px !important;margin-right: 0px !important;margin-bottom: 0px !important;margin-left: 0px !important;border-top-width: 0px !important;border-right-width: 0px !important;border-bottom-width: 0px !important;border-left-width: 0px !important;padding-top: 0px !important;padding-right: 0px !important;padding-bottom: 0px !important;padding-left: 0px !important;}&#8220;]JTNDdmlkZW8lMjBsb29wJTIwbXV0ZWQlMjBwbGF5c2lubGluZSUyMGF1dG9wbGF5JTIwaWQlM0QlMjJteVZpZGVvJTIyJTIwd2lkdGglM0QlMjIxMDAlMjUlMjIlMjBoZWlnaHQlM0QlMjIxMDAlMjUlMjIlMjBwb3N0ZXIlM0QlMjIlMkZ3cC1jb250ZW50JTJGdXBsb2FkcyUyRjIwMjAlMkYxMiUyRlZpZGVvUG9zdGVyLmpwZyUyMiUzRSUwQSUzQ3NvdXJjZSUyMHNyYyUzRCUyMmh0dHAlM0ElMkYlMkZkZXYtd3d3LndhbmRwLmN6JTJGd3AtY29udGVudCUyRnVwbG9hZHMlMkYyMDIwJTJGMTIlMkZFVVJPTk9WQS1HUk9VUC1pbWFnZS1zcG90Lm1wNCUyMiUyMHR5cGUlM0QlMjJ2aWRlbyUyRm1wNCUyMiUzRSUwQSUzQ3NvdXJjZSUyMHNyYyUzRCUyMmh0dHAlM0ElMkYlMkZkZXYtd3d3LndhbmRwLmN6JTJGd3AtY29udGVudCUyRnVwbG9hZHMlMkYyMDIwJTJGMTIlMkZFVVJPTk9WQS1HUk9VUC1pbWFnZS1zcG90LndlYm0lMjIlMjB0eXBlJTNEJTIydmlkZW8lMkZ3ZWJtJTIyJTNFJTBBJTNDc291cmNlJTIwc3JjJTNEJTIyaHR0cCUzQSUyRiUyRmRldi13d3cud2FuZHAuY3olMkZ3cC1jb250ZW50JTJGdXBsb2FkcyUyRjIwMjAlMkYxMiUyRkVVUk9OT1ZBLUdST1VQLWltYWdlLXNwb3RfNi5vZ3YlMjIlMjB0eXBlJTNEJTIydmlkZW8lMkZvZ3YlMjIlM0UlMEElM0MlMkZ2aWRlbyUzRSUwQSUwQSUwQSUwQSUzQ3NjcmlwdCUzRSUwQU9iamVjdC5kZWZpbmVQcm9wZXJ0eSUyOEhUTUxNZWRpYUVsZW1lbnQucHJvdG90eXBlJTJDJTIwJTI3cGxheWluZyUyNyUyQyUyMCU3QiUwQSUyMCUyMCUyMCUyMGdldCUzQSUyMGZ1bmN0aW9uJTIwJTI4JTI5JTIwJTdCJTBBJTIwJTIwJTIwJTIwJTIwJTIwJTIwJTIwcmV0dXJuJTIwJTIxJTIxJTI4dGhpcy5jdXJyZW50VGltZSUyMCUzRSUyMDAlMjAlMjYlMjYlMjAlMjF0aGlzLnBhdXNlZCUyMCUyNiUyNiUyMCUyMXRoaXMuZW5kZWQlMjAlMjYlMjYlMjB0aGlzLnJlYWR5U3RhdGUlMjAlM0UlMjAyJTI5JTNCJTBBJTIwJTIwJTIwJTIwJTdEJTBBJTdEJTI5JTNCJTBBJTBBalF1ZXJ5JTI4JTI3Ym9keSUyNyUyOS5vbiUyOCUyN2NsaWNrJTIwdG91Y2hzdGFydCUyNyUyQyUyMGZ1bmN0aW9uJTIwJTI4JTI5JTIwJTdCJTBBJTIwJTIwJTIwJTIwJTIwJTIwJTIwJTIwJTIwJTIwJTIwJTIwY29uc3QlMjB2aWRlb0VsZW1lbnQlMjAlM0QlMjBkb2N1bWVudC5nZXRFbGVtZW50QnlJZCUyOCUyN215VmlkZW8lMjclMjklM0IlMEElMjAlMjAlMjAlMjAlMjAlMjAlMjAlMjAlMjAlMjAlMjAlMjBpZiUyMCUyOHZpZGVvRWxlbWVudC5wbGF5aW5nJTI5JTIwJTdCJTBBJTIwJTIwJTIwJTIwJTIwJTIwJTIwJTIwJTIwJTIwJTIwJTIwJTIwJTIwJTIwJTIwJTJGJTJGJTIwdmlkZW8lMjBpcyUyMGFscmVhZHklMjBwbGF5aW5nJTIwc28lMjBkbyUyMG5vdGhpbmclMEElMjAlMjAlMjAlMjAlMjAlMjAlMjAlMjAlMjAlMjAlMjAlMjAlN0QlMEElMjAlMjAlMjAlMjAlMjAlMjAlMjAlMjAlMjAlMjAlMjAlMjBlbHNlJTIwJTdCJTBBJTIwJTIwJTIwJTIwJTIwJTIwJTIwJTIwJTIwJTIwJTIwJTIwJTIwJTIwJTIwJTIwJTJGJTJGJTIwdmlkZW8lMjBpcyUyMG5vdCUyMHBsYXlpbmclMEElMjAlMjAlMjAlMjAlMjAlMjAlMjAlMjAlMjAlMjAlMjAlMjAlMjAlMjAlMjAlMjAlMkYlMkYlMjBzbyUyMHBsYXklMjB2aWRlbyUyMG5vdyUwQSUyMCUyMCUyMCUyMCUyMCUyMCUyMCUyMCUyMCUyMCUyMCUyMCUyMCUyMCUyMCUyMHZpZGVvRWxlbWVudC5wbGF5JTI4JTI5JTNCJTBBJTIwJTIwJTIwJTIwJTIwJTIwJTIwJTIwJTIwJTIwJTIwJTIwJTdEJTBBJTIwJTIwJTIwJTIwJTdEJTI5JTNCJTBBJTBBJTNDJTJGc2NyaXB0JTNF[\/vc_raw_html][\/vc_column][\/vc_row][vc_row css_animation=&#8220;&#8220; row_type=&#8220;row&#8220; use_row_as_full_screen_section=&#8220;no&#8220; type=&#8220;full_width&#8220; angled_section=&#8220;no&#8220; text_align=&#8220;left&#8220; background_image_as_pattern=&#8220;without_pattern&#8220; z_index=&#8220;&#8220; background_color=&#8220;#f2f2f2&#8243; css=&#8220;.vc_custom_1608203522996{margin-top: 0px !important;border-top-width: 0px !important;padding-top: 0px !important;}&#8220;][vc_column css=&#8220;.vc_custom_1608203515576{margin-top: 0px !important;border-top-width: 0px !important;padding-top: 0px !important;}&#8220;]<div class='qode_carousels_holder clearfix'><div class='qode_carousels' data-number-of-visible-items=''><ul class='slides'><li class='item'><div class=\"carousel_item_holder\"><span class='first_image_holder '><img decoding=\"async\" itemprop=\"image\" src=\"https:\/\/www.wandp.cz\/wp-content\/uploads\/2020\/12\/wap-1.jpg\" alt=\"carousel image\" \/><\/span><\/div><\/li><li class='item'><div class=\"carousel_item_holder\"><span class='first_image_holder '><img decoding=\"async\" itemprop=\"image\" src=\"https:\/\/www.wandp.cz\/wp-content\/uploads\/2020\/12\/wap-3.jpg\" alt=\"carousel image\" \/><\/span><\/div><\/li><li class='item'><div class=\"carousel_item_holder\"><span class='first_image_holder '><img decoding=\"async\" itemprop=\"image\" src=\"https:\/\/www.wandp.cz\/wp-content\/uploads\/2020\/12\/wap-4.jpg\" alt=\"carousel image\" \/><\/span><\/div><\/li><li class='item'><div class=\"carousel_item_holder\"><span class='first_image_holder '><img decoding=\"async\" itemprop=\"image\" src=\"https:\/\/www.wandp.cz\/wp-content\/uploads\/2020\/12\/wap-9.jpg\" alt=\"carousel image\" \/><\/span><\/div><\/li><li class='item'><div class=\"carousel_item_holder\"><span class='first_image_holder '><img decoding=\"async\" itemprop=\"image\" src=\"https:\/\/www.wandp.cz\/wp-content\/uploads\/2020\/12\/wap-8.jpg\" alt=\"carousel image\" \/><\/span><\/div><\/li><li class='item'><div class=\"carousel_item_holder\"><span class='first_image_holder '><img decoding=\"async\" itemprop=\"image\" src=\"https:\/\/www.wandp.cz\/wp-content\/uploads\/2020\/12\/wap-7.jpg\" alt=\"carousel image\" \/><\/span><\/div><\/li><li class='item'><div class=\"carousel_item_holder\"><span class='first_image_holder '><img decoding=\"async\" itemprop=\"image\" src=\"https:\/\/www.wandp.cz\/wp-content\/uploads\/2020\/12\/wap-10.jpg\" alt=\"carousel image\" \/><\/span><\/div><\/li><\/ul><\/div><\/div>[\/vc_column][\/vc_row]<\/p>\n","protected":false},"excerpt":{"rendered":"<p>[vc_row css_animation=&#8220;&#8220; row_type=&#8220;row&#8220; use_row_as_full_screen_section=&#8220;no&#8220; type=&#8220;grid&#8220; angled_section=&#8220;no&#8220; text_align=&#8220;left&#8220; background_image_as_pattern=&#8220;without_pattern&#8220; z_index=&#8220;&#8220; background_color=&#8220;#efefef&#8220; padding_top=&#8220;70&#8243; padding_bottom=&#8220;70&#8243;][vc_column width=&#8220;1\/2&#8243; css=&#8220;.vc_custom_1608125134525{margin-right: 30px !important;}&#8220;][vc_single_image image=&#8220;15690&#8243; img_size=&#8220;full&#8220; qode_css_animation=&#8220;element_from_fade&#8220;][\/vc_column][vc_column css_animation=&#8220;fadeIn&#8220; width=&#8220;1\/2&#8243; css=&#8220;.vc_custom_1608125233303{margin-top: 30px !important;padding-right: 20px !important;padding-left: 20px !important;}&#8220;][vc_separator type=&#8220;transparent&#8220; up=&#8220;20&#8243; down=&#8220;20&#8243;][vc_column_text]Na\u0161\u00edm posl\u00e1n\u00edm je nab\u00edzet \u0161irok\u00e9 portfolio kvalitn\u00edch ploch v\u00a0oblasti venkovn\u00ed reklamy. P\u0159in\u00e1\u0161\u00edme komplexn\u00ed a propojenou&#8230;<\/p>\n","protected":false},"author":1,"featured_media":0,"parent":0,"menu_order":0,"comment_status":"closed","ping_status":"closed","template":"full_width.php","meta":{"footnotes":""},"class_list":["post-5","page","type-page","status-publish","hentry"],"_links":{"self":[{"href":"https:\/\/www.wandp.cz\/index.php?rest_route=\/wp\/v2\/pages\/5","targetHints":{"allow":["GET"]}}],"collection":[{"href":"https:\/\/www.wandp.cz\/index.php?rest_route=\/wp\/v2\/pages"}],"about":[{"href":"https:\/\/www.wandp.cz\/index.php?rest_route=\/wp\/v2\/types\/page"}],"author":[{"embeddable":true,"href":"https:\/\/www.wandp.cz\/index.php?rest_route=\/wp\/v2\/users\/1"}],"replies":[{"embeddable":true,"href":"https:\/\/www.wandp.cz\/index.php?rest_route=%2Fwp%2Fv2%2Fcomments&post=5"}],"version-history":[{"count":1,"href":"https:\/\/www.wandp.cz\/index.php?rest_route=\/wp\/v2\/pages\/5\/revisions"}],"predecessor-version":[{"id":16184,"href":"https:\/\/www.wandp.cz\/index.php?rest_route=\/wp\/v2\/pages\/5\/revisions\/16184"}],"wp:attachment":[{"href":"https:\/\/www.wandp.cz\/index.php?rest_route=%2Fwp%2Fv2%2Fmedia&parent=5"}],"curies":[{"name":"wp","href":"https:\/\/api.w.org\/{rel}","templated":true}]}}